{"id":22985,"date":"2023-10-11T13:26:55","date_gmt":"2023-10-11T11:26:55","guid":{"rendered":"https:\/\/dev.drumnotesarchive.com\/?post_type=product&#038;p=22985"},"modified":"2023-10-11T13:27:31","modified_gmt":"2023-10-11T11:27:31","slug":"groove-matrix-poster-1-3","status":"publish","type":"product","link":"https:\/\/dev.drumnotesarchive.com\/en\/produkt\/groove-matrix-poster-1-3\/","title":{"rendered":"Groove Matrix Poster 1-3"},"content":{"rendered":"<p><em>Rote oder gr\u00fcne Pille?<\/em><\/p>\n<p>Am besten beide. Und die gelbe noch dazu.<br \/>\n<strong>Willkommen in der Groove Matrix!<\/strong><\/p>\n<p>Drei Poster im Paket: &#8220;Bin\u00e4r #1&#8221;, &#8220;Bin\u00e4r #2&#8221; und &#8220;Tern\u00e4r #1&#8221;.<br \/>\nTausende Groove-Kombinationen auf einen Blick.<br \/>\nPlus passende Playalongs zu allen Postern.<\/p>\n<p>Perfekt f\u00fcr den Schlagzeugunterricht und Autodidakten.<\/p>\n<p>!! In den <a href=\"https:\/\/drumnotesarchive.com\/sign-up\/\">DNA Pro-Abos<\/a> sind die Groove Matrix-Poster bereits gratis und ohne Versandkosten enthalten !!<\/p>\n","protected":false},"excerpt":{"rendered":"<p><strong>Drei Poster: Bin\u00e4r #1 und # 2, Tern\u00e4r #1.<\/strong><br \/>\nPlus passende Playalongs zu allen Postern. <\/p>\n<p>!! In den <a href=\"https:\/\/drumnotesarchive.com\/sign-up\/\">DNA Pro-Abos<\/a> sind die Groove Matrix-Poster bereits gratis und ohne Versandkosten enthalten !!<\/p>\n","protected":false},"featured_media":0,"template":"","meta":{"_acf_changed":false},"product_brand":[],"product_cat":[1810],"product_tag":[],"class_list":{"0":"post-22985","1":"product","2":"type-product","3":"status-publish","5":"product_cat-unkategorisiert-uncategorized","7":"first","8":"instock","9":"taxable","10":"shipping-taxable","11":"purchasable","12":"product-type-simple"},"acf":[],"_links":{"self":[{"href":"https:\/\/dev.drumnotesarchive.com\/en\/wp-json\/wp\/v2\/product\/22985","targetHints":{"allow":["GET"]}}],"collection":[{"href":"https:\/\/dev.drumnotesarchive.com\/en\/wp-json\/wp\/v2\/product"}],"about":[{"href":"https:\/\/dev.drumnotesarchive.com\/en\/wp-json\/wp\/v2\/types\/product"}],"wp:attachment":[{"href":"https:\/\/dev.drumnotesarchive.com\/en\/wp-json\/wp\/v2\/media?parent=22985"}],"wp:term":[{"taxonomy":"product_brand","embeddable":true,"href":"https:\/\/dev.drumnotesarchive.com\/en\/wp-json\/wp\/v2\/product_brand?post=22985"},{"taxonomy":"product_cat","embeddable":true,"href":"https:\/\/dev.drumnotesarchive.com\/en\/wp-json\/wp\/v2\/product_cat?post=22985"},{"taxonomy":"product_tag","embeddable":true,"href":"https:\/\/dev.drumnotesarchive.com\/en\/wp-json\/wp\/v2\/product_tag?post=22985"}],"curies":[{"name":"wp","href":"https:\/\/api.w.org\/{rel}","templated":true}]}}